{"id":9,"date":"2026-04-03T15:48:07","date_gmt":"2026-04-03T15:48:07","guid":{"rendered":"https:\/\/iaib.world\/?page_id=9"},"modified":"2026-04-03T15:48:50","modified_gmt":"2026-04-03T15:48:50","slug":"9-2","status":"publish","type":"page","link":"https:\/\/iaib.world\/","title":{"rendered":"Auto Draft"},"content":{"rendered":"\n<div class=\"row\"  id=\"row-960027083\">\n\n\n\t<div id=\"col-1098254001\" class=\"col small-12 large-12\"  >\n\t\t\t\t<div class=\"col-inner\"  >\n\t\t\t\n\t\t\t\n\n<h1 style=\"text-align: center;\" data-section-id=\"1qt50v9\" data-start=\"95\" data-end=\"144\"><strong>CM88 \u2013 Nh\u00e0 C\u00e1i Gi\u1ea3i Tr\u00ed Tr\u1ef1c Tuy\u1ebfn Hi\u1ec7n \u0110\u1ea1i<\/strong><\/h1>\n<p style=\"text-align: left;\" data-start=\"146\" data-end=\"429\">CM88 mang \u0111\u1ebfn m\u1ed9t kh\u00f4ng gian gi\u1ea3i tr\u00ed tr\u1ef1c tuy\u1ebfn \u0111\u01b0\u1ee3c thi\u1ebft k\u1ebf theo h\u01b0\u1edbng t\u1ed1i gi\u1ea3n nh\u01b0ng hi\u1ec7u qu\u1ea3, n\u01a1i ng\u01b0\u1eddi d\u00f9ng c\u00f3 th\u1ec3 ti\u1ebfp c\u1eadn m\u1ecdi t\u00ednh n\u0103ng ch\u1ec9 v\u1edbi v\u00e0i thao t\u00e1c c\u01a1 b\u1ea3n. N\u1ec1n t\u1ea3ng ho\u1ea1t \u0111\u1ed9ng m\u01b0\u1ee3t m\u00e0 tr\u00ean nhi\u1ec1u thi\u1ebft b\u1ecb, gi\u00fap tr\u1ea3i nghi\u1ec7m kh\u00f4ng b\u1ecb gi\u00e1n \u0111o\u1ea1n d\u00f9 s\u1eed d\u1ee5ng \u1edf b\u1ea5t k\u1ef3 \u0111\u00e2u.<\/p>\n<p style=\"text-align: left;\" data-start=\"431\" data-end=\"689\">\u0110i\u1ec3m n\u1ed5i b\u1eadt n\u1eb1m \u1edf c\u00e1ch h\u1ec7 th\u1ed1ng t\u1ed5 ch\u1ee9c n\u1ed9i dung r\u00f5 r\u00e0ng, gi\u00fap ng\u01b0\u1eddi d\u00f9ng nhanh ch\u00f3ng t\u00ecm th\u1ea5y l\u1ef1a ch\u1ecdn ph\u00f9 h\u1ee3p m\u00e0 kh\u00f4ng m\u1ea5t nhi\u1ec1u th\u1eddi gian l\u00e0m quen. S\u1ef1 \u0111a d\u1ea1ng trong c\u00e1c h\u00ecnh th\u1ee9c gi\u1ea3i tr\u00ed c\u0169ng g\u00f3p ph\u1ea7n t\u1ea1o n\u00ean tr\u1ea3i nghi\u1ec7m linh ho\u1ea1t v\u00e0 li\u00ean t\u1ee5c \u0111\u1ed5i m\u1edbi.<\/p>\n<p style=\"text-align: left;\" data-start=\"691\" data-end=\"929\">Kh\u00f4ng ch\u1ec9 d\u1eebng l\u1ea1i \u1edf y\u1ebfu t\u1ed1 ti\u1ec7n l\u1ee3i, CM88 c\u00f2n ch\u00fa tr\u1ecdng \u0111\u1ebfn t\u1ed1c \u0111\u1ed9 x\u1eed l\u00fd v\u00e0 \u0111\u1ed9 \u1ed5n \u0111\u1ecbnh, nh\u1eb1m \u0111\u1ea3m b\u1ea3o m\u1ed7i l\u1ea7n truy c\u1eadp \u0111\u1ec1u di\u1ec5n ra tr\u01a1n tru v\u00e0 nh\u1ea5t qu\u00e1n. \u0110\u00e2y l\u00e0 y\u1ebfu t\u1ed1 gi\u00fap n\u1ec1n t\u1ea3ng duy tr\u00ec s\u1ee9c h\u00fat trong c\u1ed9ng \u0111\u1ed3ng ng\u01b0\u1eddi d\u00f9ng tr\u1ef1c tuy\u1ebfn.<\/p>\n\n\t\t<\/div>\n\t\t\t\t\t<\/div>\n\n\t\n\n<\/div>\n\n","protected":false},"excerpt":{"rendered":"","protected":false},"author":1,"featured_media":0,"parent":0,"menu_order":0,"comment_status":"closed","ping_status":"closed","template":"","meta":{"footnotes":""},"class_list":["post-9","page","type-page","status-publish","hentry"],"_links":{"self":[{"href":"https:\/\/iaib.world\/index.php\/wp-json\/wp\/v2\/pages\/9","targetHints":{"allow":["GET"]}}],"collection":[{"href":"https:\/\/iaib.world\/index.php\/wp-json\/wp\/v2\/pages"}],"about":[{"href":"https:\/\/iaib.world\/index.php\/wp-json\/wp\/v2\/types\/page"}],"author":[{"embeddable":true,"href":"https:\/\/iaib.world\/index.php\/wp-json\/wp\/v2\/users\/1"}],"replies":[{"embeddable":true,"href":"https:\/\/iaib.world\/index.php\/wp-json\/wp\/v2\/comments?post=9"}],"version-history":[{"count":3,"href":"https:\/\/iaib.world\/index.php\/wp-json\/wp\/v2\/pages\/9\/revisions"}],"predecessor-version":[{"id":13,"href":"https:\/\/iaib.world\/index.php\/wp-json\/wp\/v2\/pages\/9\/revisions\/13"}],"wp:attachment":[{"href":"https:\/\/iaib.world\/index.php\/wp-json\/wp\/v2\/media?parent=9"}],"curies":[{"name":"wp","href":"https:\/\/api.w.org\/{rel}","templated":true}]}}